{"id":18804,"date":"2021-12-09T12:58:53","date_gmt":"2021-12-16T10:03:04","guid":{"rendered":"http:\/\/www.lesbainsdelalhambra-marrakech.com\/product\/cuidado-de-las-unas\/"},"modified":"2025-10-21T16:47:53","modified_gmt":"2025-10-21T14:47:53","slug":"cuidado-de-las-unas","status":"publish","type":"product","link":"https:\/\/www.lesbainsdelalhambra-marrakech.com\/es\/soins\/cuidado-de-las-unas\/","title":{"rendered":"CUIDADO DE LAS U\u00d1AS"},"content":{"rendered":"\t\t<div data-elementor-type=\"wp-post\" data-elementor-id=\"18804\" class=\"elementor elementor-18804 elementor-17504\">\n\t\t\t\t\t\t<section class=\"elementor-section elementor-top-section elementor-element elementor-element-51944fc7 elementor-section-boxed elementor-section-height-default elementor-section-height-default qodef-elementor-content-no\" data-id=\"51944fc7\" data-element_type=\"section\">\n\t\t\t\t\t\t<div class=\"elementor-container elementor-column-gap-default\">\n\t\t\t\t\t<div class=\"elementor-column elementor-col-100 elementor-top-column elementor-element elementor-element-4c0741d5\" data-id=\"4c0741d5\" data-element_type=\"column\">\n\t\t\t<div class=\"elementor-widget-wrap elementor-element-populated\">\n\t\t\t\t\t\t<div class=\"elementor-element elementor-element-230d6d36 elementor-widget elementor-widget-text-editor\" data-id=\"230d6d36\" data-element_type=\"widget\" data-widget_type=\"text-editor.default\">\n\t\t\t\t<div class=\"elementor-widget-container\">\n\t\t\t\t\t\t\t\t\t<p>Lorem ipsum dolor sit amet, et natum albucius vis. Ius iuvaret legimus referrentur an, qui harum verear ea, vim te porro detracto. Minim aeterno vis in. Duo error nobis mnesarchum ad, latine feugait in sea. His ad diam altera percipit, illud nostrud docendi vim ei. Hinc constituam cum cu. Per an sadipscing necessitatibus, vel quas idque recusabo an, sale constituam est ne.<\/p>\n\t\t\t\t\t\t\t\t<\/div>\n\t\t\t\t<\/div>\n\t\t\t\t\t<\/div>\n\t\t<\/div>\n\t\t\t\t\t<\/div>\n\t\t<\/section>\n\t\t\t\t<\/div>\n\t\t","protected":false},"excerpt":{"rendered":"<p>Cuidado intensivo completa acompa\u00f1ado por un exfoliaci\u00f3n fresco , tacones lijado, m\u00e1scara y masaje espec\u00edfica e instalaci\u00f3n incluidos barniz.<\/p>\n","protected":false},"featured_media":18570,"comment_status":"open","ping_status":"closed","template":"","meta":[],"product_brand":[],"product_cat":[96],"product_tag":[],"class_list":{"0":"post-18804","1":"product","2":"type-product","3":"status-publish","4":"has-post-thumbnail","6":"product_cat-belleza-de-manos-y-pies","8":"first","9":"instock","10":"shipping-taxable","11":"purchasable","12":"product-type-variable"},"yoast_head":"<!-- This site is optimized with the Yoast SEO Premium plugin v18.2.1 (Yoast SEO v26.8) - https:\/\/yoast.com\/product\/yoast-seo-premium-wordpress\/ -->\n<title>CUIDADO DE LAS U\u00d1AS - \u00e0 Marrakech - Belleza de Manos y Pies<\/title>\n<meta name=\"robots\" content=\"index, follow, max-snippet:-1, max-image-preview:large, max-video-preview:-1\" \/>\n<link rel=\"canonical\" href=\"https:\/\/www.lesbainsdelalhambra-marrakech.com\/es\/soins\/cuidado-de-las-unas\/\" \/>\n<meta property=\"og:locale\" content=\"es_ES\" \/>\n<meta property=\"og:type\" content=\"article\" \/>\n<meta property=\"og:title\" content=\"CUIDADO DE LAS U\u00d1AS\" \/>\n<meta property=\"og:description\" content=\"Cuidado intensivo completa acompa\u00f1ado por un exfoliaci\u00f3n fresco , tacones lijado, m\u00e1scara y masaje espec\u00edfica e instalaci\u00f3n incluidos barniz.\" \/>\n<meta property=\"og:url\" content=\"https:\/\/www.lesbainsdelalhambra-marrakech.com\/es\/soins\/cuidado-de-las-unas\/\" \/>\n<meta property=\"og:site_name\" content=\"Les bains de la l&#039;hambra\" \/>\n<meta property=\"article:publisher\" content=\"https:\/\/www.facebook.com\/lesbainsdelalhambra\/\" \/>\n<meta property=\"article:modified_time\" content=\"2025-10-21T14:47:53+00:00\" \/>\n<meta property=\"og:image\" content=\"https:\/\/www.lesbainsdelalhambra-marrakech.com\/wp-content\/uploads\/2021\/12\/IMGP1764-1.jpg\" \/>\n\t<meta property=\"og:image:width\" content=\"800\" \/>\n\t<meta property=\"og:image:height\" content=\"800\" \/>\n\t<meta property=\"og:image:type\" content=\"image\/jpeg\" \/>\n<meta name=\"twitter:card\" content=\"summary_large_image\" \/>\n<meta name=\"twitter:label1\" content=\"Tiempo de lectura\" \/>\n\t<meta name=\"twitter:data1\" content=\"1 minuto\" \/>\n<script type=\"application\/ld+json\" class=\"yoast-schema-graph\">{\"@context\":\"https:\/\/schema.org\",\"@graph\":[{\"@type\":\"WebPage\",\"@id\":\"https:\/\/www.lesbainsdelalhambra-marrakech.com\/es\/soins\/cuidado-de-las-unas\/\",\"url\":\"https:\/\/www.lesbainsdelalhambra-marrakech.com\/es\/soins\/cuidado-de-las-unas\/\",\"name\":\"CUIDADO DE LAS U\u00d1AS - \u00e0 Marrakech - Belleza de Manos y Pies\",\"isPartOf\":{\"@id\":\"https:\/\/www.lesbainsdelalhambra-marrakech.com\/#website\"},\"primaryImageOfPage\":{\"@id\":\"https:\/\/www.lesbainsdelalhambra-marrakech.com\/es\/soins\/cuidado-de-las-unas\/#primaryimage\"},\"image\":{\"@id\":\"https:\/\/www.lesbainsdelalhambra-marrakech.com\/es\/soins\/cuidado-de-las-unas\/#primaryimage\"},\"thumbnailUrl\":\"https:\/\/www.lesbainsdelalhambra-marrakech.com\/wp-content\/uploads\/2021\/12\/IMGP1764-1.jpg\",\"datePublished\":\"2021-12-16T10:03:04+00:00\",\"dateModified\":\"2025-10-21T14:47:53+00:00\",\"breadcrumb\":{\"@id\":\"https:\/\/www.lesbainsdelalhambra-marrakech.com\/es\/soins\/cuidado-de-las-unas\/#breadcrumb\"},\"inLanguage\":\"es\",\"potentialAction\":[{\"@type\":\"ReadAction\",\"target\":[\"https:\/\/www.lesbainsdelalhambra-marrakech.com\/es\/soins\/cuidado-de-las-unas\/\"]}]},{\"@type\":\"ImageObject\",\"inLanguage\":\"es\",\"@id\":\"https:\/\/www.lesbainsdelalhambra-marrakech.com\/es\/soins\/cuidado-de-las-unas\/#primaryimage\",\"url\":\"https:\/\/www.lesbainsdelalhambra-marrakech.com\/wp-content\/uploads\/2021\/12\/IMGP1764-1.jpg\",\"contentUrl\":\"https:\/\/www.lesbainsdelalhambra-marrakech.com\/wp-content\/uploads\/2021\/12\/IMGP1764-1.jpg\",\"width\":800,\"height\":800},{\"@type\":\"BreadcrumbList\",\"@id\":\"https:\/\/www.lesbainsdelalhambra-marrakech.com\/es\/soins\/cuidado-de-las-unas\/#breadcrumb\",\"itemListElement\":[{\"@type\":\"ListItem\",\"position\":1,\"name\":\"bienvenida\",\"item\":\"https:\/\/www.lesbainsdelalhambra-marrakech.com\/es\/\"},{\"@type\":\"ListItem\",\"position\":2,\"name\":\"CUIDADO DE LAS U\u00d1AS\"}]},{\"@type\":\"WebSite\",\"@id\":\"https:\/\/www.lesbainsdelalhambra-marrakech.com\/#website\",\"url\":\"https:\/\/www.lesbainsdelalhambra-marrakech.com\/\",\"name\":\"Les bains de la l&#039;hambra\",\"description\":\"\",\"publisher\":{\"@id\":\"https:\/\/www.lesbainsdelalhambra-marrakech.com\/#organization\"},\"potentialAction\":[{\"@type\":\"SearchAction\",\"target\":{\"@type\":\"EntryPoint\",\"urlTemplate\":\"https:\/\/www.lesbainsdelalhambra-marrakech.com\/?s={search_term_string}\"},\"query-input\":{\"@type\":\"PropertyValueSpecification\",\"valueRequired\":true,\"valueName\":\"search_term_string\"}}],\"inLanguage\":\"es\"},{\"@type\":\"Organization\",\"@id\":\"https:\/\/www.lesbainsdelalhambra-marrakech.com\/#organization\",\"name\":\"Les bains de l'alhambra\",\"url\":\"https:\/\/www.lesbainsdelalhambra-marrakech.com\/\",\"logo\":{\"@type\":\"ImageObject\",\"inLanguage\":\"es\",\"@id\":\"https:\/\/www.lesbainsdelalhambra-marrakech.com\/#\/schema\/logo\/image\/\",\"url\":\"http:\/\/www.lesbainsdelalhambra-marrakech.com\/wp-content\/uploads\/2021\/12\/homeicone.png\",\"contentUrl\":\"http:\/\/www.lesbainsdelalhambra-marrakech.com\/wp-content\/uploads\/2021\/12\/homeicone.png\",\"width\":80,\"height\":78,\"caption\":\"Les bains de l'alhambra\"},\"image\":{\"@id\":\"https:\/\/www.lesbainsdelalhambra-marrakech.com\/#\/schema\/logo\/image\/\"},\"sameAs\":[\"https:\/\/www.facebook.com\/lesbainsdelalhambra\/\",\"https:\/\/www.instagram.com\/lesbainsdelalhambra_\/\"]}]}<\/script>\n<!-- \/ Yoast SEO Premium plugin. -->","yoast_head_json":{"title":"CUIDADO DE LAS U\u00d1AS - \u00e0 Marrakech - Belleza de Manos y Pies","robots":{"index":"index","follow":"follow","max-snippet":"max-snippet:-1","max-image-preview":"max-image-preview:large","max-video-preview":"max-video-preview:-1"},"canonical":"https:\/\/www.lesbainsdelalhambra-marrakech.com\/es\/soins\/cuidado-de-las-unas\/","og_locale":"es_ES","og_type":"article","og_title":"CUIDADO DE LAS U\u00d1AS","og_description":"Cuidado intensivo completa acompa\u00f1ado por un exfoliaci\u00f3n fresco , tacones lijado, m\u00e1scara y masaje espec\u00edfica e instalaci\u00f3n incluidos barniz.","og_url":"https:\/\/www.lesbainsdelalhambra-marrakech.com\/es\/soins\/cuidado-de-las-unas\/","og_site_name":"Les bains de la l&#039;hambra","article_publisher":"https:\/\/www.facebook.com\/lesbainsdelalhambra\/","article_modified_time":"2025-10-21T14:47:53+00:00","og_image":[{"width":800,"height":800,"url":"https:\/\/www.lesbainsdelalhambra-marrakech.com\/wp-content\/uploads\/2021\/12\/IMGP1764-1.jpg","type":"image\/jpeg"}],"twitter_card":"summary_large_image","twitter_misc":{"Tiempo de lectura":"1 minuto"},"schema":{"@context":"https:\/\/schema.org","@graph":[{"@type":"WebPage","@id":"https:\/\/www.lesbainsdelalhambra-marrakech.com\/es\/soins\/cuidado-de-las-unas\/","url":"https:\/\/www.lesbainsdelalhambra-marrakech.com\/es\/soins\/cuidado-de-las-unas\/","name":"CUIDADO DE LAS U\u00d1AS - \u00e0 Marrakech - Belleza de Manos y Pies","isPartOf":{"@id":"https:\/\/www.lesbainsdelalhambra-marrakech.com\/#website"},"primaryImageOfPage":{"@id":"https:\/\/www.lesbainsdelalhambra-marrakech.com\/es\/soins\/cuidado-de-las-unas\/#primaryimage"},"image":{"@id":"https:\/\/www.lesbainsdelalhambra-marrakech.com\/es\/soins\/cuidado-de-las-unas\/#primaryimage"},"thumbnailUrl":"https:\/\/www.lesbainsdelalhambra-marrakech.com\/wp-content\/uploads\/2021\/12\/IMGP1764-1.jpg","datePublished":"2021-12-16T10:03:04+00:00","dateModified":"2025-10-21T14:47:53+00:00","breadcrumb":{"@id":"https:\/\/www.lesbainsdelalhambra-marrakech.com\/es\/soins\/cuidado-de-las-unas\/#breadcrumb"},"inLanguage":"es","potentialAction":[{"@type":"ReadAction","target":["https:\/\/www.lesbainsdelalhambra-marrakech.com\/es\/soins\/cuidado-de-las-unas\/"]}]},{"@type":"ImageObject","inLanguage":"es","@id":"https:\/\/www.lesbainsdelalhambra-marrakech.com\/es\/soins\/cuidado-de-las-unas\/#primaryimage","url":"https:\/\/www.lesbainsdelalhambra-marrakech.com\/wp-content\/uploads\/2021\/12\/IMGP1764-1.jpg","contentUrl":"https:\/\/www.lesbainsdelalhambra-marrakech.com\/wp-content\/uploads\/2021\/12\/IMGP1764-1.jpg","width":800,"height":800},{"@type":"BreadcrumbList","@id":"https:\/\/www.lesbainsdelalhambra-marrakech.com\/es\/soins\/cuidado-de-las-unas\/#breadcrumb","itemListElement":[{"@type":"ListItem","position":1,"name":"bienvenida","item":"https:\/\/www.lesbainsdelalhambra-marrakech.com\/es\/"},{"@type":"ListItem","position":2,"name":"CUIDADO DE LAS U\u00d1AS"}]},{"@type":"WebSite","@id":"https:\/\/www.lesbainsdelalhambra-marrakech.com\/#website","url":"https:\/\/www.lesbainsdelalhambra-marrakech.com\/","name":"Les bains de la l&#039;hambra","description":"","publisher":{"@id":"https:\/\/www.lesbainsdelalhambra-marrakech.com\/#organization"},"potentialAction":[{"@type":"SearchAction","target":{"@type":"EntryPoint","urlTemplate":"https:\/\/www.lesbainsdelalhambra-marrakech.com\/?s={search_term_string}"},"query-input":{"@type":"PropertyValueSpecification","valueRequired":true,"valueName":"search_term_string"}}],"inLanguage":"es"},{"@type":"Organization","@id":"https:\/\/www.lesbainsdelalhambra-marrakech.com\/#organization","name":"Les bains de l'alhambra","url":"https:\/\/www.lesbainsdelalhambra-marrakech.com\/","logo":{"@type":"ImageObject","inLanguage":"es","@id":"https:\/\/www.lesbainsdelalhambra-marrakech.com\/#\/schema\/logo\/image\/","url":"http:\/\/www.lesbainsdelalhambra-marrakech.com\/wp-content\/uploads\/2021\/12\/homeicone.png","contentUrl":"http:\/\/www.lesbainsdelalhambra-marrakech.com\/wp-content\/uploads\/2021\/12\/homeicone.png","width":80,"height":78,"caption":"Les bains de l'alhambra"},"image":{"@id":"https:\/\/www.lesbainsdelalhambra-marrakech.com\/#\/schema\/logo\/image\/"},"sameAs":["https:\/\/www.facebook.com\/lesbainsdelalhambra\/","https:\/\/www.instagram.com\/lesbainsdelalhambra_\/"]}]}},"_links":{"self":[{"href":"https:\/\/www.lesbainsdelalhambra-marrakech.com\/es\/wp-json\/wp\/v2\/product\/18804","targetHints":{"allow":["GET"]}}],"collection":[{"href":"https:\/\/www.lesbainsdelalhambra-marrakech.com\/es\/wp-json\/wp\/v2\/product"}],"about":[{"href":"https:\/\/www.lesbainsdelalhambra-marrakech.com\/es\/wp-json\/wp\/v2\/types\/product"}],"replies":[{"embeddable":true,"href":"https:\/\/www.lesbainsdelalhambra-marrakech.com\/es\/wp-json\/wp\/v2\/comments?post=18804"}],"wp:featuredmedia":[{"embeddable":true,"href":"https:\/\/www.lesbainsdelalhambra-marrakech.com\/es\/wp-json\/wp\/v2\/media\/18570"}],"wp:attachment":[{"href":"https:\/\/www.lesbainsdelalhambra-marrakech.com\/es\/wp-json\/wp\/v2\/media?parent=18804"}],"wp:term":[{"taxonomy":"product_brand","embeddable":true,"href":"https:\/\/www.lesbainsdelalhambra-marrakech.com\/es\/wp-json\/wp\/v2\/product_brand?post=18804"},{"taxonomy":"product_cat","embeddable":true,"href":"https:\/\/www.lesbainsdelalhambra-marrakech.com\/es\/wp-json\/wp\/v2\/product_cat?post=18804"},{"taxonomy":"product_tag","embeddable":true,"href":"https:\/\/www.lesbainsdelalhambra-marrakech.com\/es\/wp-json\/wp\/v2\/product_tag?post=18804"}],"curies":[{"name":"wp","href":"https:\/\/api.w.org\/{rel}","templated":true}]}}