{"id":18835,"date":"2021-12-16T12:57:41","date_gmt":"2021-12-16T11:57:41","guid":{"rendered":"http:\/\/www.lesbainsdelalhambra-marrakech.com\/contacto\/"},"modified":"2021-12-21T15:00:44","modified_gmt":"2021-12-21T14:00:44","slug":"contacto","status":"publish","type":"page","link":"https:\/\/www.lesbainsdelalhambra-marrakech.com\/es\/contacto\/","title":{"rendered":"Contacto"},"content":{"rendered":"\t\t<div data-elementor-type=\"wp-page\" data-elementor-id=\"18835\" class=\"elementor elementor-18835 elementor-3718\">\n\t\t\t\t\t\t<section class=\"elementor-section elementor-top-section elementor-element elementor-element-e29936e qodef-elementor-content-grid elementor-reverse-tablet elementor-reverse-mobile elementor-section-boxed elementor-section-height-default elementor-section-height-default\" data-id=\"e29936e\" data-element_type=\"section\">\n\t\t\t\t\t\t<div class=\"elementor-container elementor-column-gap-default\">\n\t\t\t\t\t<div class=\"elementor-column elementor-col-100 elementor-top-column elementor-element elementor-element-6ac180a\" data-id=\"6ac180a\" data-element_type=\"column\">\n\t\t\t<div class=\"elementor-widget-wrap elementor-element-populated\">\n\t\t\t\t\t\t<div class=\"elementor-element elementor-element-566ef80 elementor-widget elementor-widget-text-editor\" data-id=\"566ef80\" data-element_type=\"widget\" data-widget_type=\"text-editor.default\">\n\t\t\t\t<div class=\"elementor-widget-container\">\n\t\t\t\t\t\t\t\t\t<p><iframe src=\"https:\/\/www.google.com\/maps\/embed?pb=!1m18!1m12!1m3!1d3397.6180746707864!2d-7.991802084539587!3d31.616923449530848!2m3!1f0!2f0!3f0!3m2!1i1024!2i768!4f13.1!3m3!1m2!1s0xdafee4f9d9702ad%3A0xf3d93169578ab67b!2sLes%20Bains%20de%20l'Alhambra%20Marrakech!5e0!3m2!1sfr!2sma!4v1639156093772!5m2!1sfr!2sma\" width=\"600\" height=\"450\" style=\"border:0;\" allowfullscreen=\"\" loading=\"lazy\"><\/iframe><\/p>\n\t\t\t\t\t\t\t\t<\/div>\n\t\t\t\t<\/div>\n\t\t\t\t\t<\/div>\n\t\t<\/div>\n\t\t\t\t\t<\/div>\n\t\t<\/section>\n\t\t\t\t<section class=\"elementor-section elementor-top-section elementor-element elementor-element-4a05822 qodef-elementor-content-grid elementor-reverse-tablet elementor-reverse-mobile elementor-section-boxed elementor-section-height-default elementor-section-height-default\" data-id=\"4a05822\" data-element_type=\"section\">\n\t\t\t\t\t\t<div class=\"elementor-container elementor-column-gap-default\">\n\t\t\t\t\t<div class=\"elementor-column elementor-col-50 elementor-top-column elementor-element elementor-element-fea77dd\" data-id=\"fea77dd\" data-element_type=\"column\">\n\t\t\t<div class=\"elementor-widget-wrap elementor-element-populated\">\n\t\t\t\t\t\t<div class=\"elementor-element elementor-element-3dc8a82 elementor-widget elementor-widget-reina_core_section_title\" data-id=\"3dc8a82\" data-element_type=\"widget\" data-widget_type=\"reina_core_section_title.default\">\n\t\t\t\t<div class=\"elementor-widget-container\">\n\t\t\t\t\t<div class=\"qodef-shortcode qodef-m  qodef-section-title  \">\n\t<div class=\"qodef-m-heading\">\n\t\t\t\t\t<h4 class=\"qodef-m-title\" >\n\t\t\t\t\tCont\u00e1ctenos\t\t\t<\/h4>\n\t<\/div>\n\t\t<\/div>\t\t\t\t<\/div>\n\t\t\t\t<\/div>\n\t\t\t\t<div class=\"elementor-element elementor-element-68015c9 elementor-widget elementor-widget-wp-widget-reina_core_contact_form_7\" data-id=\"68015c9\" data-element_type=\"widget\" data-widget_type=\"wp-widget-reina_core_contact_form_7.default\">\n\t\t\t\t<div class=\"elementor-widget-container\">\n\t\t\t\t\t\t\t\t<div class=\"qodef-contact-form-7\">\n\t\t\t\t\n<div class=\"wpcf7 no-js\" id=\"wpcf7-f18838-o1\" lang=\"en-US\" dir=\"ltr\" data-wpcf7-id=\"18838\">\n<div class=\"screen-reader-response\"><p role=\"status\" aria-live=\"polite\" aria-atomic=\"true\"><\/p> <ul><\/ul><\/div>\n<form action=\"\/es\/wp-json\/wp\/v2\/pages\/18835#wpcf7-f18838-o1\" method=\"post\" class=\"wpcf7-form init\" aria-label=\"Contact form\" novalidate=\"novalidate\" data-status=\"init\">\n<fieldset class=\"hidden-fields-container\"><input type=\"hidden\" name=\"_wpcf7\" value=\"18838\" \/><input type=\"hidden\" name=\"_wpcf7_version\" value=\"6.1.4\" \/><input type=\"hidden\" name=\"_wpcf7_locale\" value=\"en_US\" \/><input type=\"hidden\" name=\"_wpcf7_unit_tag\" value=\"wpcf7-f18838-o1\" \/><input type=\"hidden\" name=\"_wpcf7_container_post\" value=\"0\" \/><input type=\"hidden\" name=\"_wpcf7_posted_data_hash\" value=\"\" \/><input type=\"hidden\" name=\"_wpcf7_recaptcha_response\" value=\"\" \/>\n<\/fieldset>\n<label> Nombre y apellido\n    <span class=\"wpcf7-form-control-wrap\" data-name=\"your-name\"><input size=\"40\" maxlength=\"400\" class=\"wpcf7-form-control wpcf7-text wpcf7-validates-as-required\" aria-required=\"true\" aria-invalid=\"false\" value=\"\" type=\"text\" name=\"your-name\" \/><\/span> <\/label>\n\n<label> Correo electr\u00f3nico\n    <span class=\"wpcf7-form-control-wrap\" data-name=\"your-email\"><input size=\"40\" maxlength=\"400\" class=\"wpcf7-form-control wpcf7-email wpcf7-validates-as-required wpcf7-text wpcf7-validates-as-email\" aria-required=\"true\" aria-invalid=\"false\" value=\"\" type=\"email\" name=\"your-email\" \/><\/span> <\/label>\n\n<label> Tel\u00e9fono  \n    <span class=\"wpcf7-form-control-wrap\" data-name=\"your-subject\"><input size=\"40\" maxlength=\"400\" class=\"wpcf7-form-control wpcf7-text wpcf7-validates-as-required\" aria-required=\"true\" aria-invalid=\"false\" value=\"\" type=\"text\" name=\"your-subject\" \/><\/span> <\/label>\n\n<label> Mensaje (optional)\n    <span class=\"wpcf7-form-control-wrap\" data-name=\"your-message\"><textarea cols=\"40\" rows=\"10\" maxlength=\"2000\" class=\"wpcf7-form-control wpcf7-textarea\" aria-invalid=\"false\" name=\"your-message\"><\/textarea><\/span> <\/label>\n\n<button class=\"wpcf7-form-control wpcf7-submit qodef-button qodef-size--normal qodef-type--filled qodef-m\" type=\"submit\"><span class=\"qodef-m-text\">Enviar<\/span><span class=\"qodef-m-background\"><\/span><\/button><div class=\"wpcf7-response-output\" aria-hidden=\"true\"><\/div>\n<\/form>\n<\/div>\n\t\t\t<\/div>\n\t\t\t\t\t\t\t<\/div>\n\t\t\t\t<\/div>\n\t\t\t\t\t<\/div>\n\t\t<\/div>\n\t\t\t\t<div class=\"elementor-column elementor-col-50 elementor-top-column elementor-element elementor-element-ad251f2\" data-id=\"ad251f2\" data-element_type=\"column\">\n\t\t\t<div class=\"elementor-widget-wrap elementor-element-populated\">\n\t\t\t\t\t\t<div class=\"elementor-element elementor-element-336bc8c elementor-widget elementor-widget-reina_core_section_title\" data-id=\"336bc8c\" data-element_type=\"widget\" data-widget_type=\"reina_core_section_title.default\">\n\t\t\t\t<div class=\"elementor-widget-container\">\n\t\t\t\t\t<div class=\"qodef-shortcode qodef-m  qodef-section-title  \">\n\t<div class=\"qodef-m-heading\">\n\t\t\t\t\t<h4 class=\"qodef-m-title\" >\n\t\t\t\t\tHabla a\t\t\t<\/h4>\n\t<\/div>\n\t\t<\/div>\t\t\t\t<\/div>\n\t\t\t\t<\/div>\n\t\t\t\t<div class=\"elementor-element elementor-element-987de1e elementor-widget elementor-widget-text-editor\" data-id=\"987de1e\" data-element_type=\"widget\" data-widget_type=\"text-editor.default\">\n\t\t\t\t<div class=\"elementor-widget-container\">\n\t\t\t\t\t\t\t\t\t<p>La direcci\u00f3n de nuestro spa en Marrakech es la de un lugar armonioso que promueve su bienestar por encima de todo.<\/p>\n<p>Spa privado por excelencia en la Kasbah,<br \/>derb rahala,9.<br \/>40000 Marrakech<\/p>\n\t\t\t\t\t\t\t\t<\/div>\n\t\t\t\t<\/div>\n\t\t\t\t<div class=\"elementor-element elementor-element-890b21e elementor-widget elementor-widget-reina_core_section_title\" data-id=\"890b21e\" data-element_type=\"widget\" data-widget_type=\"reina_core_section_title.default\">\n\t\t\t\t<div class=\"elementor-widget-container\">\n\t\t\t\t\t<div class=\"qodef-shortcode qodef-m  qodef-section-title  \">\n\t<div class=\"qodef-m-heading\">\n\t\t\t\t\t<h4 class=\"qodef-m-title\" >\n\t\t\t\t\tTel\u00e9fono\t\t\t<\/h4>\n\t<\/div>\n\t\t<\/div>\t\t\t\t<\/div>\n\t\t\t\t<\/div>\n\t\t\t\t<div class=\"elementor-element elementor-element-26a322a elementor-widget elementor-widget-text-editor\" data-id=\"26a322a\" data-element_type=\"widget\" data-widget_type=\"text-editor.default\">\n\t\t\t\t<div class=\"elementor-widget-container\">\n\t\t\t\t\t\t\t\t\t<p>Tel\u00e9fono : +212 (0) 5 24 38 63 46<\/p>\n<p>Tel\u00e9fono : +212 (0) 5 24 38 63 16<\/p>\n<p>Tel\u00e9fono : +212 (0) 6 39 57 96 87<\/p>\n\t\t\t\t\t\t\t\t<\/div>\n\t\t\t\t<\/div>\n\t\t\t\t<div class=\"elementor-element elementor-element-29e7fbb elementor-widget elementor-widget-reina_core_section_title\" data-id=\"29e7fbb\" data-element_type=\"widget\" data-widget_type=\"reina_core_section_title.default\">\n\t\t\t\t<div class=\"elementor-widget-container\">\n\t\t\t\t\t<div class=\"qodef-shortcode qodef-m  qodef-section-title  \">\n\t<div class=\"qodef-m-heading\">\n\t\t\t\t\t<h4 class=\"qodef-m-title\" >\n\t\t\t\t\tCorreo electr\u00f3nico\t\t\t<\/h4>\n\t<\/div>\n\t\t<\/div>\t\t\t\t<\/div>\n\t\t\t\t<\/div>\n\t\t\t\t<div class=\"elementor-element elementor-element-6e55e12 elementor-widget elementor-widget-text-editor\" data-id=\"6e55e12\" data-element_type=\"widget\" data-widget_type=\"text-editor.default\">\n\t\t\t\t<div class=\"elementor-widget-container\">\n\t\t\t\t\t\t\t\t\t<p><a href=\"mailto:contact@lesbainsdelalhambra-marrakech.com\">contact@lesbainsdelalhambra-marrakech.com<\/a><\/p>\n\t\t\t\t\t\t\t\t<\/div>\n\t\t\t\t<\/div>\n\t\t\t\t\t<\/div>\n\t\t<\/div>\n\t\t\t\t\t<\/div>\n\t\t<\/section>\n\t\t\t\t<\/div>\n\t\t","protected":false},"excerpt":{"rendered":"<p>Cont\u00e1ctenos Habla a La direcci\u00f3n de nuestro spa en Marrakech es la de un lugar armonioso que promueve su bienestar por encima de todo. Spa privado por excelencia en la Kasbah,derb rahala,9.40000 Marrakech Tel\u00e9fono Tel\u00e9fono : +212 (0) 5 24 38 63 46 Tel\u00e9fono : +212 (0) 5 24 38 63 16 Tel\u00e9fono : +212 [&hellip;]<\/p>\n","protected":false},"author":1,"featured_media":0,"parent":0,"menu_order":0,"comment_status":"closed","ping_status":"closed","template":"page-full-width.php","meta":{"footnotes":""},"class_list":["post-18835","page","type-page","status-publish","hentry"],"yoast_head":"<!-- This site is optimized with the Yoast SEO Premium plugin v18.2.1 (Yoast SEO v26.8) - https:\/\/yoast.com\/product\/yoast-seo-premium-wordpress\/ -->\n<title>Contacto - Les bains de la l&#039;hambra<\/title>\n<meta name=\"robots\" content=\"index, follow, max-snippet:-1, max-image-preview:large, max-video-preview:-1\" \/>\n<link rel=\"canonical\" href=\"https:\/\/www.lesbainsdelalhambra-marrakech.com\/es\/contacto\/\" \/>\n<meta property=\"og:locale\" content=\"es_ES\" \/>\n<meta property=\"og:type\" content=\"article\" \/>\n<meta property=\"og:title\" content=\"Contacto\" \/>\n<meta property=\"og:description\" content=\"Cont\u00e1ctenos Habla a La direcci\u00f3n de nuestro spa en Marrakech es la de un lugar armonioso que promueve su bienestar por encima de todo. Spa privado por excelencia en la Kasbah,derb rahala,9.40000 Marrakech Tel\u00e9fono Tel\u00e9fono : +212 (0) 5 24 38 63 46 Tel\u00e9fono : +212 (0) 5 24 38 63 16 Tel\u00e9fono : +212 [&hellip;]\" \/>\n<meta property=\"og:url\" content=\"https:\/\/www.lesbainsdelalhambra-marrakech.com\/es\/contacto\/\" \/>\n<meta property=\"og:site_name\" content=\"Les bains de la l&#039;hambra\" \/>\n<meta property=\"article:publisher\" content=\"https:\/\/www.facebook.com\/lesbainsdelalhambra\/\" \/>\n<meta property=\"article:modified_time\" content=\"2021-12-21T14:00:44+00:00\" \/>\n<meta name=\"twitter:card\" content=\"summary_large_image\" \/>\n<script type=\"application\/ld+json\" class=\"yoast-schema-graph\">{\"@context\":\"https:\/\/schema.org\",\"@graph\":[{\"@type\":\"WebPage\",\"@id\":\"https:\/\/www.lesbainsdelalhambra-marrakech.com\/es\/contacto\/\",\"url\":\"https:\/\/www.lesbainsdelalhambra-marrakech.com\/es\/contacto\/\",\"name\":\"Contacto - Les bains de la l&#039;hambra\",\"isPartOf\":{\"@id\":\"https:\/\/www.lesbainsdelalhambra-marrakech.com\/#website\"},\"datePublished\":\"2021-12-16T11:57:41+00:00\",\"dateModified\":\"2021-12-21T14:00:44+00:00\",\"breadcrumb\":{\"@id\":\"https:\/\/www.lesbainsdelalhambra-marrakech.com\/es\/contacto\/#breadcrumb\"},\"inLanguage\":\"es\",\"potentialAction\":[{\"@type\":\"ReadAction\",\"target\":[\"https:\/\/www.lesbainsdelalhambra-marrakech.com\/es\/contacto\/\"]}]},{\"@type\":\"BreadcrumbList\",\"@id\":\"https:\/\/www.lesbainsdelalhambra-marrakech.com\/es\/contacto\/#breadcrumb\",\"itemListElement\":[{\"@type\":\"ListItem\",\"position\":1,\"name\":\"bienvenida\",\"item\":\"https:\/\/www.lesbainsdelalhambra-marrakech.com\/es\/\"},{\"@type\":\"ListItem\",\"position\":2,\"name\":\"Contacto\"}]},{\"@type\":\"WebSite\",\"@id\":\"https:\/\/www.lesbainsdelalhambra-marrakech.com\/#website\",\"url\":\"https:\/\/www.lesbainsdelalhambra-marrakech.com\/\",\"name\":\"Les bains de la l&#039;hambra\",\"description\":\"\",\"publisher\":{\"@id\":\"https:\/\/www.lesbainsdelalhambra-marrakech.com\/#organization\"},\"potentialAction\":[{\"@type\":\"SearchAction\",\"target\":{\"@type\":\"EntryPoint\",\"urlTemplate\":\"https:\/\/www.lesbainsdelalhambra-marrakech.com\/?s={search_term_string}\"},\"query-input\":{\"@type\":\"PropertyValueSpecification\",\"valueRequired\":true,\"valueName\":\"search_term_string\"}}],\"inLanguage\":\"es\"},{\"@type\":\"Organization\",\"@id\":\"https:\/\/www.lesbainsdelalhambra-marrakech.com\/#organization\",\"name\":\"Les bains de l'alhambra\",\"url\":\"https:\/\/www.lesbainsdelalhambra-marrakech.com\/\",\"logo\":{\"@type\":\"ImageObject\",\"inLanguage\":\"es\",\"@id\":\"https:\/\/www.lesbainsdelalhambra-marrakech.com\/#\/schema\/logo\/image\/\",\"url\":\"http:\/\/www.lesbainsdelalhambra-marrakech.com\/wp-content\/uploads\/2021\/12\/homeicone.png\",\"contentUrl\":\"http:\/\/www.lesbainsdelalhambra-marrakech.com\/wp-content\/uploads\/2021\/12\/homeicone.png\",\"width\":80,\"height\":78,\"caption\":\"Les bains de l'alhambra\"},\"image\":{\"@id\":\"https:\/\/www.lesbainsdelalhambra-marrakech.com\/#\/schema\/logo\/image\/\"},\"sameAs\":[\"https:\/\/www.facebook.com\/lesbainsdelalhambra\/\",\"https:\/\/www.instagram.com\/lesbainsdelalhambra_\/\"]}]}<\/script>\n<!-- \/ Yoast SEO Premium plugin. -->","yoast_head_json":{"title":"Contacto - Les bains de la l&#039;hambra","robots":{"index":"index","follow":"follow","max-snippet":"max-snippet:-1","max-image-preview":"max-image-preview:large","max-video-preview":"max-video-preview:-1"},"canonical":"https:\/\/www.lesbainsdelalhambra-marrakech.com\/es\/contacto\/","og_locale":"es_ES","og_type":"article","og_title":"Contacto","og_description":"Cont\u00e1ctenos Habla a La direcci\u00f3n de nuestro spa en Marrakech es la de un lugar armonioso que promueve su bienestar por encima de todo. Spa privado por excelencia en la Kasbah,derb rahala,9.40000 Marrakech Tel\u00e9fono Tel\u00e9fono : +212 (0) 5 24 38 63 46 Tel\u00e9fono : +212 (0) 5 24 38 63 16 Tel\u00e9fono : +212 [&hellip;]","og_url":"https:\/\/www.lesbainsdelalhambra-marrakech.com\/es\/contacto\/","og_site_name":"Les bains de la l&#039;hambra","article_publisher":"https:\/\/www.facebook.com\/lesbainsdelalhambra\/","article_modified_time":"2021-12-21T14:00:44+00:00","twitter_card":"summary_large_image","schema":{"@context":"https:\/\/schema.org","@graph":[{"@type":"WebPage","@id":"https:\/\/www.lesbainsdelalhambra-marrakech.com\/es\/contacto\/","url":"https:\/\/www.lesbainsdelalhambra-marrakech.com\/es\/contacto\/","name":"Contacto - Les bains de la l&#039;hambra","isPartOf":{"@id":"https:\/\/www.lesbainsdelalhambra-marrakech.com\/#website"},"datePublished":"2021-12-16T11:57:41+00:00","dateModified":"2021-12-21T14:00:44+00:00","breadcrumb":{"@id":"https:\/\/www.lesbainsdelalhambra-marrakech.com\/es\/contacto\/#breadcrumb"},"inLanguage":"es","potentialAction":[{"@type":"ReadAction","target":["https:\/\/www.lesbainsdelalhambra-marrakech.com\/es\/contacto\/"]}]},{"@type":"BreadcrumbList","@id":"https:\/\/www.lesbainsdelalhambra-marrakech.com\/es\/contacto\/#breadcrumb","itemListElement":[{"@type":"ListItem","position":1,"name":"bienvenida","item":"https:\/\/www.lesbainsdelalhambra-marrakech.com\/es\/"},{"@type":"ListItem","position":2,"name":"Contacto"}]},{"@type":"WebSite","@id":"https:\/\/www.lesbainsdelalhambra-marrakech.com\/#website","url":"https:\/\/www.lesbainsdelalhambra-marrakech.com\/","name":"Les bains de la l&#039;hambra","description":"","publisher":{"@id":"https:\/\/www.lesbainsdelalhambra-marrakech.com\/#organization"},"potentialAction":[{"@type":"SearchAction","target":{"@type":"EntryPoint","urlTemplate":"https:\/\/www.lesbainsdelalhambra-marrakech.com\/?s={search_term_string}"},"query-input":{"@type":"PropertyValueSpecification","valueRequired":true,"valueName":"search_term_string"}}],"inLanguage":"es"},{"@type":"Organization","@id":"https:\/\/www.lesbainsdelalhambra-marrakech.com\/#organization","name":"Les bains de l'alhambra","url":"https:\/\/www.lesbainsdelalhambra-marrakech.com\/","logo":{"@type":"ImageObject","inLanguage":"es","@id":"https:\/\/www.lesbainsdelalhambra-marrakech.com\/#\/schema\/logo\/image\/","url":"http:\/\/www.lesbainsdelalhambra-marrakech.com\/wp-content\/uploads\/2021\/12\/homeicone.png","contentUrl":"http:\/\/www.lesbainsdelalhambra-marrakech.com\/wp-content\/uploads\/2021\/12\/homeicone.png","width":80,"height":78,"caption":"Les bains de l'alhambra"},"image":{"@id":"https:\/\/www.lesbainsdelalhambra-marrakech.com\/#\/schema\/logo\/image\/"},"sameAs":["https:\/\/www.facebook.com\/lesbainsdelalhambra\/","https:\/\/www.instagram.com\/lesbainsdelalhambra_\/"]}]}},"_links":{"self":[{"href":"https:\/\/www.lesbainsdelalhambra-marrakech.com\/es\/wp-json\/wp\/v2\/pages\/18835","targetHints":{"allow":["GET"]}}],"collection":[{"href":"https:\/\/www.lesbainsdelalhambra-marrakech.com\/es\/wp-json\/wp\/v2\/pages"}],"about":[{"href":"https:\/\/www.lesbainsdelalhambra-marrakech.com\/es\/wp-json\/wp\/v2\/types\/page"}],"author":[{"embeddable":true,"href":"https:\/\/www.lesbainsdelalhambra-marrakech.com\/es\/wp-json\/wp\/v2\/users\/1"}],"replies":[{"embeddable":true,"href":"https:\/\/www.lesbainsdelalhambra-marrakech.com\/es\/wp-json\/wp\/v2\/comments?post=18835"}],"version-history":[{"count":7,"href":"https:\/\/www.lesbainsdelalhambra-marrakech.com\/es\/wp-json\/wp\/v2\/pages\/18835\/revisions"}],"predecessor-version":[{"id":18943,"href":"https:\/\/www.lesbainsdelalhambra-marrakech.com\/es\/wp-json\/wp\/v2\/pages\/18835\/revisions\/18943"}],"wp:attachment":[{"href":"https:\/\/www.lesbainsdelalhambra-marrakech.com\/es\/wp-json\/wp\/v2\/media?parent=18835"}],"curies":[{"name":"wp","href":"https:\/\/api.w.org\/{rel}","templated":true}]}}